{"id":7106,"date":"2023-11-27T20:20:53","date_gmt":"2023-11-27T20:20:53","guid":{"rendered":"http:\/\/www.gezginilaclama.com\/?post_type=product&#038;p=7106"},"modified":"2024-05-09T15:58:10","modified_gmt":"2024-05-09T15:58:10","slug":"sinek-tutucu-bant","status":"publish","type":"product","link":"https:\/\/www.gezginilaclama.com\/?product=sinek-tutucu-bant","title":{"rendered":"Sinek Tutucu Bant"},"content":{"rendered":"<p><strong>Sinek tuzaklar\u0131<\/strong><\/p>\n<p>Sinekleri yakalamakta \u00e7ok etkili zehirsiz kokusuz yap\u0131\u015fkan tuzaklard\u0131r. De\u011fi\u015fik \u015fekil ve boylarda \u00fcretilen Elektro Frog tuzaklar sinekleri \u00fczerine \u00e7ekerek size rahat bir Ortam haz\u0131rlarlar. EFK-EFT Tuzaklar\u0131 i\u00e7in geli\u015ftirilen, UV \u0131\u015f\u0131\u011f\u0131na dayan\u0131kl\u0131 \u00f6zel kurumayan yap\u0131\u015fkanlar ile \u00fcretilen tuzaklar\u0131 farkl\u0131 boylarda \u00fcretilmi\u015f olmas\u0131 sebebiyle de\u011fi\u015fik boyutlardaki EFK-EFT cihazlar\u0131nda kullan\u0131labilmektedir.<\/p>\n<p>cihaza g\u00f6re 30*60cm 25*45cm boyut se\u00e7enekli \u00fcr\u00fcnd\u00fcr.<\/p>\n","protected":false},"excerpt":{"rendered":"<p><strong>Ultrasonic Fare Ha\u015fere Kovucu<\/strong><\/p>\n<p>ULTRASONIC ATTACK WAVE PESTREPELLER<\/p>\n<p><b>Leaven attack wave fare kovucu cihaz<\/b><\/p>\n<div>Cihaz 30000hz \u2013 65000hz frekans aral\u0131\u011f\u0131nda ultrasonik ses yay\u0131nlar ve devaml\u0131 olarak patentli \u201d attack wave sistemi \u201d ile t\u00fcm kemirgenleri ortamdan uzakla\u015ft\u0131r\u0131r, kovar.<\/div>\n<div>\u00dcr\u00fcn \u00fczerinde her biri 130 desibellik ses veren 2 adet speaker bulunmaktad\u0131r Bu sistemde frekanslar otomatik olarak de\u011fi\u015fir ve maximum etki sa\u011flan\u0131r.<\/div>\n<div>\u00dcr\u00fcn etki alan\u0131 450 metrekaredir.<\/div>\n<div>280 derecelik bir a\u00e7\u0131 ile t\u00fcm odalarda ve evde \u00f6l\u00fc alan b\u0131rakmayacak \u015fekilde dizayn edilmi\u015ftir.<\/div>\n<div>Bu\u00a0da \u00fcr\u00fcn\u00fcn di\u011fer ayn\u0131 etki mesafesi olan \u00fcr\u00fcnlerden \u00e7ok daha etkin bir performans sergilemesini sa\u011flamaktad\u0131r.<\/div>\n<p><b>\u00dcr\u00fcn\u00fcn kovdu\u011fu hayvanlar\u00a0<\/b><\/p>\n<p>Fareler, s\u0131\u00e7anlar, sincaplar ,k\u00f6stebekler ve t\u00fcm kemirgenler<\/p>\n<p><b>Kullan\u0131m\u0131\u00a0<\/b><\/p>\n<p>Cihaz\u0131n kullan\u0131m\u0131 \u00e7ok\u00a0\u00a0basittir. Uygun\u00a0olan stratejik yere yerle\u015ftirdikten sonra cihaz\u0131 adapt\u00f6r\u00fcn\u00fc enerjiye ba\u011flay\u0131n\u0131z ve \u201cON\u201d konumuna\u00a0\u00a0getiriniz. Cihaz\u00a0haz\u0131rd\u0131r ve \u00e7al\u0131\u015fmaya ba\u015flam\u0131\u015ft\u0131r.<\/p>\n<p>24 saat g\u00fcvendesinizdir.<\/p>\n<p><b>Teknik \u00f6zellik\u00a0<\/b><\/p>\n<p>A\u011f\u0131rl\u0131k : 160gr.<\/p>\n<p>Frekans aral\u0131\u011f\u0131 : 30000hz\u00a0 65000hz<\/p>\n","protected":false},"featured_media":7107,"template":"","meta":[],"product_cat":[55],"product_tag":[57,56],"class_list":{"0":"post-7106","1":"product","2":"type-product","3":"status-publish","4":"has-post-thumbnail","6":"product_cat-urunler","7":"product_tag-fare-kovucu","8":"product_tag-hasere-kovucu","10":"first","11":"instock","12":"virtual","13":"product-type-simple"},"_links":{"self":[{"href":"https:\/\/www.gezginilaclama.com\/index.php?rest_route=\/wp\/v2\/product\/7106","targetHints":{"allow":["GET"]}}],"collection":[{"href":"https:\/\/www.gezginilaclama.com\/index.php?rest_route=\/wp\/v2\/product"}],"about":[{"href":"https:\/\/www.gezginilaclama.com\/index.php?rest_route=\/wp\/v2\/types\/product"}],"wp:featuredmedia":[{"embeddable":true,"href":"https:\/\/www.gezginilaclama.com\/index.php?rest_route=\/wp\/v2\/media\/7107"}],"wp:attachment":[{"href":"https:\/\/www.gezginilaclama.com\/index.php?rest_route=%2Fwp%2Fv2%2Fmedia&parent=7106"}],"wp:term":[{"taxonomy":"product_cat","embeddable":true,"href":"https:\/\/www.gezginilaclama.com\/index.php?rest_route=%2Fwp%2Fv2%2Fproduct_cat&post=7106"},{"taxonomy":"product_tag","embeddable":true,"href":"https:\/\/www.gezginilaclama.com\/index.php?rest_route=%2Fwp%2Fv2%2Fproduct_tag&post=7106"}],"curies":[{"name":"wp","href":"https:\/\/api.w.org\/{rel}","templated":true}]}}