{"id":7085,"date":"2023-11-27T19:53:44","date_gmt":"2023-11-27T19:53:44","guid":{"rendered":"http:\/\/www.gezginilaclama.com\/?post_type=product&#038;p=7085"},"modified":"2023-11-27T19:58:41","modified_gmt":"2023-11-27T19:58:41","slug":"fc-0950-p-for-ceiling-sinek-tutucu","status":"publish","type":"product","link":"https:\/\/www.gezginilaclama.com\/?product=fc-0950-p-for-ceiling-sinek-tutucu","title":{"rendered":"FC 0950-P (FOR CEILING) Sinek Tutucu"},"content":{"rendered":"<p><strong>FC 0950-P (FOR CEILING)<\/strong><\/p>\n<p>AISI 304K INOX \/ 1. KAL\u0130TE PASLANMAZ \u00c7EL\u0130K, 2 ADET x 20W \u2013 60cm\u2019lik \/ UV-BL FLORESAN<br \/>\n\u0130MALAT, \u00dcRET\u0130M, SATI\u015e, DEPO, RESTAURANT, OF\u0130S, LOB\u0130,<br \/>\nTOPLU KULLANIM, VB. T\u00dcM ALANLARDA KULLANILAB\u0130LECEK MODELD\u0130R.<br \/>\nNormal ampul veya Da\u011f\u0131lmaz ampul se\u00e7ene\u011fi ile<\/p>\n<p><strong>GENEL \u00d6ZELL\u0130KLER<\/strong><\/p>\n<ul>\n<li>1. s\u0131n\u0131f (304 kalite inoks) paslanmaz \u00e7elik kasa, sinek \u00f6ld\u00fcr\u00fcc\u00fc<\/li>\n<li>Estetik ve dekoratif<\/li>\n<li>Esnek ve pratik kurulum imk\u00e2n\u0131.<\/li>\n<li>Temizlik ve bak\u0131m\u0131 kolay.<\/li>\n<li>Sa\u011fl\u0131kl\u0131 ve kaliteli, UV \u0131\u015f\u0131kl\u0131, sinek \u00e7ekici lambalar.<\/li>\n<li>Sinekleri \u00e7eken sar\u0131 renk \u00f6zellikli, yap\u0131\u015fkanl\u0131 tuzak &amp; Sinek \u00f6ld\u00fcr\u00fcc\u00fc yap\u0131\u015fkan\u0131<\/li>\n<li>Yap\u0131\u015fkanl\u0131 tuzak &amp; Sinek yap\u0131\u015fkan\u0131 de\u011fi\u015fimi pratik ve sorunsuz.<\/li>\n<\/ul>\n<p>&nbsp;<\/p>\n<p><strong>TEKN\u0130K \u00d6ZELL\u0130KLER<\/strong><\/p>\n<ul>\n<li><strong>Etki alan\u0131: 120 \u2013 160 m\u00b2 (minimum)<\/strong><\/li>\n<li><strong>Voltaj:<\/strong>\u00a0220 -240 Volt AC, 50 Hz<\/li>\n<li><strong>Yap\u0131\u015fkan bant:\u00a0<\/strong>60 x 30 cm, Sinek \u00f6ld\u00fcr\u00fcc\u00fc yap\u0131\u015fkan\u0131<\/li>\n<li><strong>Ultraviyole I\u015f\u0131k\u00a0:\u00a0<\/strong>2 x 20 Wat UV- BL (\u0130st. 2 x 40 Wat olabilir)<\/li>\n<li><strong>Boyutlar:<\/strong>\u00a0655 mm x 315 mm x\u00a0160 mm<\/li>\n<li><strong>Cihaz D\u0131\u015f Kasa:<\/strong>\u00a0AISI 304K INOX<\/li>\n<li><strong>A\u011f\u0131rl\u0131k:<\/strong>\u00a03,70 Kg<\/li>\n<\/ul>\n<h3><strong>Yap\u0131\u015fkanl\u0131 sinek \u00f6ld\u00fcr\u00fcc\u00fc; u\u00e7an ha\u015ferelerle m\u00fccadele de, uygun fiyatlar\u0131 ile etkili \u00e7\u00f6z\u00fcmler sunar.<\/strong><br \/>\n<strong>24 ayl\u0131k garanti standartt\u0131r\u2026. Dikkat:\u00a0Sinek \u00f6ld\u00fcr\u00fcc\u00fc lamba\u00a0\u2013\u00a0Sinek \u00f6ld\u00fcr\u00fcc\u00fc \u0131\u015f\u0131k, garanti kapsam\u0131nda\u00a0de\u011fildir. Cihazlar standart\u00a0UV \u0131\u015f\u0131kl\u0131 lamba\u00a0ile \u00fcretilmektedir. \u0130ste\u011fe ba\u011fl\u0131 olarak, k\u0131r\u0131ld\u0131\u011f\u0131nda da\u011f\u0131lmaz\u00a0UV \u0131\u015f\u0131kl\u0131 lamba\u00a0kullan\u0131l\u0131r.\u00a0Cihazlar\u0131m\u0131z\u0131n sinek kovucu \u00f6zelli\u011fi yoktur.<\/strong><\/h3>\n<p><strong><em>I\u015eIKLI S\u0130NEK TUTUCU\u00a0&amp;\u00a0YAPI\u015eKANLI BANTLI\u00a0S\u0130NEKL\u0130K\u00a0KULLANIM ALANLARI:<\/em><\/strong><\/p>\n<p><strong><em>Evlerde;\u00a0<\/em><\/strong><em>odalar ve mutfaklarda,<\/em><strong><em><br \/>\nYazl\u0131klarda;\u00a0<\/em><\/strong><em>odalar, mutfaklar ve verandalarda,<\/em><strong><em><br \/>\nOtellerde;\u00a0<\/em><\/strong><em>ofis, lobi, odalar, mutfak, mini bar ve restaurantlarda,<\/em><strong><em><br \/>\n\u0130\u015f yerlerinde;\u00a0<\/em><\/strong><em>\u0130malat, \u00fcretim, depo, sat\u0131\u015f, ofis, lobi, yemekhane, restaurant ve toplu kullan\u0131m alanlar\u0131nda,<\/em><strong><em><br \/>\nkarasinek\u00a0ve meyve sine\u011fi,\u00a0k\u00f6r sinek,\u00a0\u00fcvez\u00a0olarakda\u00a0bilinen\u00a0k\u00fc\u00e7\u00fck sinekler\u00a0ba\u015fta\u00a0olmak\u00a0\u00fczere,\u00a0u\u00e7an\u00a0ha\u015fere\u00a0m\u00fccadelesinde sinek tutucu cihazlar\u00a0etkin olarak kullan\u0131l\u0131r.<br \/>\nMaksimum verim i\u00e7in; ortama tesir eden etmenler g\u00f6z \u00f6n\u00fcnde bulundurulmal\u0131. Bu etmenlere g\u00f6re sinek tutucu modeli, konumu ve adeti do\u011fru bir \u015fekilde belirlenmelidir.<\/em><\/strong><\/p>\n","protected":false},"excerpt":{"rendered":"<p><strong>Ultrasonic Fare Ha\u015fere Kovucu<\/strong><\/p>\n<p>ULTRASONIC ATTACK WAVE PESTREPELLER<\/p>\n<p><b>Leaven attack wave fare kovucu cihaz<\/b><\/p>\n<div>Cihaz 30000hz \u2013 65000hz frekans aral\u0131\u011f\u0131nda ultrasonik ses yay\u0131nlar ve devaml\u0131 olarak patentli \u201d attack wave sistemi \u201d ile t\u00fcm kemirgenleri ortamdan uzakla\u015ft\u0131r\u0131r, kovar.<\/div>\n<div>\u00dcr\u00fcn \u00fczerinde her biri 130 desibellik ses veren 2 adet speaker bulunmaktad\u0131r Bu sistemde frekanslar otomatik olarak de\u011fi\u015fir ve maximum etki sa\u011flan\u0131r.<\/div>\n<div>\u00dcr\u00fcn etki alan\u0131 450 metrekaredir.<\/div>\n<div>280 derecelik bir a\u00e7\u0131 ile t\u00fcm odalarda ve evde \u00f6l\u00fc alan b\u0131rakmayacak \u015fekilde dizayn edilmi\u015ftir.<\/div>\n<div>Bu\u00a0da \u00fcr\u00fcn\u00fcn di\u011fer ayn\u0131 etki mesafesi olan \u00fcr\u00fcnlerden \u00e7ok daha etkin bir performans sergilemesini sa\u011flamaktad\u0131r.<\/div>\n<p><b>\u00dcr\u00fcn\u00fcn kovdu\u011fu hayvanlar\u00a0<\/b><\/p>\n<p>Fareler, s\u0131\u00e7anlar, sincaplar ,k\u00f6stebekler ve t\u00fcm kemirgenler<\/p>\n<p><b>Kullan\u0131m\u0131\u00a0<\/b><\/p>\n<p>Cihaz\u0131n kullan\u0131m\u0131 \u00e7ok\u00a0\u00a0basittir. Uygun\u00a0olan stratejik yere yerle\u015ftirdikten sonra cihaz\u0131 adapt\u00f6r\u00fcn\u00fc enerjiye ba\u011flay\u0131n\u0131z ve \u201cON\u201d konumuna\u00a0\u00a0getiriniz. Cihaz\u00a0haz\u0131rd\u0131r ve \u00e7al\u0131\u015fmaya ba\u015flam\u0131\u015ft\u0131r.<\/p>\n<p>24 saat g\u00fcvendesinizdir.<\/p>\n<p><b>Teknik \u00f6zellik\u00a0<\/b><\/p>\n<p>A\u011f\u0131rl\u0131k : 160gr.<\/p>\n<p>Frekans aral\u0131\u011f\u0131 : 30000hz\u00a0 65000hz<\/p>\n","protected":false},"featured_media":7087,"template":"","meta":[],"product_cat":[55],"product_tag":[57,56],"class_list":{"0":"post-7085","1":"product","2":"type-product","3":"status-publish","4":"has-post-thumbnail","6":"product_cat-urunler","7":"product_tag-fare-kovucu","8":"product_tag-hasere-kovucu","10":"first","11":"instock","12":"virtual","13":"product-type-simple"},"_links":{"self":[{"href":"https:\/\/www.gezginilaclama.com\/index.php?rest_route=\/wp\/v2\/product\/7085","targetHints":{"allow":["GET"]}}],"collection":[{"href":"https:\/\/www.gezginilaclama.com\/index.php?rest_route=\/wp\/v2\/product"}],"about":[{"href":"https:\/\/www.gezginilaclama.com\/index.php?rest_route=\/wp\/v2\/types\/product"}],"wp:featuredmedia":[{"embeddable":true,"href":"https:\/\/www.gezginilaclama.com\/index.php?rest_route=\/wp\/v2\/media\/7087"}],"wp:attachment":[{"href":"https:\/\/www.gezginilaclama.com\/index.php?rest_route=%2Fwp%2Fv2%2Fmedia&parent=7085"}],"wp:term":[{"taxonomy":"product_cat","embeddable":true,"href":"https:\/\/www.gezginilaclama.com\/index.php?rest_route=%2Fwp%2Fv2%2Fproduct_cat&post=7085"},{"taxonomy":"product_tag","embeddable":true,"href":"https:\/\/www.gezginilaclama.com\/index.php?rest_route=%2Fwp%2Fv2%2Fproduct_tag&post=7085"}],"curies":[{"name":"wp","href":"https:\/\/api.w.org\/{rel}","templated":true}]}}