{"id":7080,"date":"2023-11-27T19:50:24","date_gmt":"2023-11-27T19:50:24","guid":{"rendered":"http:\/\/www.gezginilaclama.com\/?post_type=product&#038;p=7080"},"modified":"2023-11-27T19:59:12","modified_gmt":"2023-11-27T19:59:12","slug":"sm-023-s-sm-023-k-sconce-model-sineklik","status":"publish","type":"product","link":"https:\/\/www.gezginilaclama.com\/?product=sm-023-s-sm-023-k-sconce-model-sineklik","title":{"rendered":"SM 023-S \/ SM 023-K (SCONCE MODEL) &#8211; Sineklik"},"content":{"rendered":"<p>SM 023-S (SCONCE MODEL)SM 023-K<\/p>\n<p>T\u00dcRK MALI, SA\u011eLIK BAKANLI\u011eI ONAYLI, CE BELGEL\u0130;<br \/>\nAVRUPA TOPLULU\u011eU AL\u00c7AK GER\u0130L\u0130M C\u0130HAZI Y\u00d6NETMEL\u0130\u011e\u0130NE UYGUN OLARAK \u00dcRET\u0130LM\u0130\u015eT\u0130R.<br \/>\nELEKTROSTAT\u0130K FIRIN BOYA, 1 x 15 Wat \/ T8 \/ BL 368 \u2013 45 cm, MOR I\u015eIK, UV FLORESAN LAMBALI.<br \/>\nS\u0130NEK \u00d6LD\u00dcR\u00dcC\u00dcLER.<br \/>\nDUVAR T\u0130P\u0130; S\u0130NEK YAKALAMA C\u0130HAZI, YAPI\u015eKAN S\u0130NEKL\u0130K.<br \/>\n\u0130MALAT, \u00dcRET\u0130M, SATI\u015e, OF\u0130S, LOB\u0130, RESTAURANT, YEMEKHANE, EV, YAZLIK, TOPLU KULLANIM, VB. ALANLAR \u0130\u00c7\u0130N \u00dcRET\u0130LM\u0130\u015eT\u0130R.<\/p>\n<p>Karasinek tuzaklar\u0131 &amp; yap\u0131\u015fkanl\u0131 sinek band\u0131 en \u00fcst kalitede \u00fcretilmektedir.<br \/>\nYap\u0131\u015fkanl\u0131 sinek band\u0131 &amp; Sar\u0131 karasinek tuzaklar\u0131, sinek \u00f6ld\u00fcr\u00fcc\u00fcler i\u00e7ine b\u0131rak\u0131larak de\u011fi\u015fimi kolayca ger\u00e7ekle\u015fir.<br \/>\nKarasinek tuzaklar\u0131 ile mor \u0131\u015f\u0131kl\u0131 uv floresan lamba, birbirine temas etmez.<br \/>\nKullanma \u015fartlar\u0131na uyuldu\u011fu takdirde; Elektro Frog karasinek tuzaklar\u0131 ile temas\u0131 olan sineklerin, kurtulma ihtimali kesinlikle yoktur.<\/p>\n<p>GENEL \u00d6ZELL\u0130KLER<\/p>\n<p>Elektrostatik toz boyal\u0131, sinek \u00f6ld\u00fcr\u00fcc\u00fcler.<br \/>\nEstetik, dekoratif, sa\u011flam, metal (DKP) kasa.<br \/>\nEsnek ve pratik kurulum imk\u00e2n\u0131.<br \/>\nTemizlik ve bak\u0131m\u0131 kolay.<br \/>\nKaliteli, uv floresan lamba &amp; sinek lambas\u0131.<br \/>\nSinekleri \u00e7eken sar\u0131 renkli, karasinek tuza\u011f\u0131.<br \/>\nKarasinek tuza\u011f\u0131 de\u011fi\u015firken pratik ve sorunsuz.<\/p>\n<p>TEKN\u0130K \u00d6ZELL\u0130KLER<\/p>\n<p>Etki alan\u0131: 20 \u2013 30 m\u00b2 (minimum)<br \/>\nVoltaj: 220 -240 Volt AC, 50 Hz<br \/>\nYap\u0131\u015fkan bant: 45 x 25 cm \/ Karasinek tuzaklar\u0131<br \/>\nUltraviyole I\u015f\u0131k: 1 x 15 Wat \u2013 45 cm \/ Sinek lambas\u0131<br \/>\nBoyutlar: 490 mm x 260 mm x 135 mm<br \/>\nCihaz D\u0131\u015f Kasa: Elektrostatik (f\u0131r\u0131n) toz boya<br \/>\nA\u011f\u0131rl\u0131k: 2,60 Kg<\/p>\n<p>Yap\u0131\u015fkanl\u0131 sinek \u00f6ld\u00fcr\u00fcc\u00fc; u\u00e7an ha\u015ferelerle m\u00fccadele de, uygun fiyatlar\u0131 ile etkili \u00e7\u00f6z\u00fcmler sunar.<br \/>\n24 ayl\u0131k garanti standartt\u0131r\u2026. Dikkat: Sinek \u00f6ld\u00fcr\u00fcc\u00fc lamba \u2013 Sinek \u00f6ld\u00fcr\u00fcc\u00fc \u0131\u015f\u0131k, garanti kapsam\u0131nda de\u011fildir. Cihazlar standart UV \u0131\u015f\u0131kl\u0131 lamba ile \u00fcretilmektedir. \u0130ste\u011fe ba\u011fl\u0131 olarak, k\u0131r\u0131ld\u0131\u011f\u0131nda da\u011f\u0131lmaz UV \u0131\u015f\u0131kl\u0131 lamba kullan\u0131l\u0131r. Cihazlar\u0131m\u0131z\u0131n sinek kovucu \u00f6zelli\u011fi yoktur.<br \/>\nI\u015eIKLI S\u0130NEK TUTUCU &amp; YAPI\u015eKANLI BANTLI S\u0130NEKL\u0130K KULLANIM ALANLARI:<\/p>\n<p>Evlerde; odalar ve mutfaklarda,<br \/>\nYazl\u0131klarda; odalar, mutfaklar ve verandalarda,<br \/>\nOtellerde; ofis, lobi, odalar, mutfak, mini bar ve restaurantlarda,<br \/>\n\u0130\u015f yerlerinde; \u0130malat, \u00fcretim, depo, sat\u0131\u015f, ofis, lobi, yemekhane, restaurant ve toplu kullan\u0131m alanlar\u0131nda,<br \/>\nkarasinek ve meyve sine\u011fi, k\u00f6r sinek, \u00fcvez olarakda bilinen k\u00fc\u00e7\u00fck sinekler ba\u015fta olmak \u00fczere, u\u00e7an ha\u015fere m\u00fccadelesinde sinek tutucu cihazlar etkin olarak kullan\u0131l\u0131r.<br \/>\nMaksimum verim i\u00e7in; ortama tesir eden etmenler g\u00f6z \u00f6n\u00fcnde bulundurulmal\u0131. Bu etmenlere g\u00f6re sinek tutucu modeli, konumu ve adeti do\u011fru bir \u015fekilde belirlenmelidir.<\/p>\n","protected":false},"excerpt":{"rendered":"<p><strong>Ultrasonic Fare Ha\u015fere Kovucu<\/strong><\/p>\n<p>ULTRASONIC ATTACK WAVE PESTREPELLER<\/p>\n<p><b>Leaven attack wave fare kovucu cihaz<\/b><\/p>\n<div>Cihaz 30000hz \u2013 65000hz frekans aral\u0131\u011f\u0131nda ultrasonik ses yay\u0131nlar ve devaml\u0131 olarak patentli \u201d attack wave sistemi \u201d ile t\u00fcm kemirgenleri ortamdan uzakla\u015ft\u0131r\u0131r, kovar.<\/div>\n<div>\u00dcr\u00fcn \u00fczerinde her biri 130 desibellik ses veren 2 adet speaker bulunmaktad\u0131r Bu sistemde frekanslar otomatik olarak de\u011fi\u015fir ve maximum etki sa\u011flan\u0131r.<\/div>\n<div>\u00dcr\u00fcn etki alan\u0131 450 metrekaredir.<\/div>\n<div>280 derecelik bir a\u00e7\u0131 ile t\u00fcm odalarda ve evde \u00f6l\u00fc alan b\u0131rakmayacak \u015fekilde dizayn edilmi\u015ftir.<\/div>\n<div>Bu\u00a0da \u00fcr\u00fcn\u00fcn di\u011fer ayn\u0131 etki mesafesi olan \u00fcr\u00fcnlerden \u00e7ok daha etkin bir performans sergilemesini sa\u011flamaktad\u0131r.<\/div>\n<p><b>\u00dcr\u00fcn\u00fcn kovdu\u011fu hayvanlar\u00a0<\/b><\/p>\n<p>Fareler, s\u0131\u00e7anlar, sincaplar ,k\u00f6stebekler ve t\u00fcm kemirgenler<\/p>\n<p><b>Kullan\u0131m\u0131\u00a0<\/b><\/p>\n<p>Cihaz\u0131n kullan\u0131m\u0131 \u00e7ok\u00a0\u00a0basittir. Uygun\u00a0olan stratejik yere yerle\u015ftirdikten sonra cihaz\u0131 adapt\u00f6r\u00fcn\u00fc enerjiye ba\u011flay\u0131n\u0131z ve \u201cON\u201d konumuna\u00a0\u00a0getiriniz. Cihaz\u00a0haz\u0131rd\u0131r ve \u00e7al\u0131\u015fmaya ba\u015flam\u0131\u015ft\u0131r.<\/p>\n<p>24 saat g\u00fcvendesinizdir.<\/p>\n<p><b>Teknik \u00f6zellik\u00a0<\/b><\/p>\n<p>A\u011f\u0131rl\u0131k : 160gr.<\/p>\n<p>Frekans aral\u0131\u011f\u0131 : 30000hz\u00a0 65000hz<\/p>\n","protected":false},"featured_media":7084,"template":"","meta":[],"product_cat":[55],"product_tag":[57,56],"class_list":{"0":"post-7080","1":"product","2":"type-product","3":"status-publish","4":"has-post-thumbnail","6":"product_cat-urunler","7":"product_tag-fare-kovucu","8":"product_tag-hasere-kovucu","10":"first","11":"instock","12":"virtual","13":"product-type-simple"},"_links":{"self":[{"href":"https:\/\/www.gezginilaclama.com\/index.php?rest_route=\/wp\/v2\/product\/7080","targetHints":{"allow":["GET"]}}],"collection":[{"href":"https:\/\/www.gezginilaclama.com\/index.php?rest_route=\/wp\/v2\/product"}],"about":[{"href":"https:\/\/www.gezginilaclama.com\/index.php?rest_route=\/wp\/v2\/types\/product"}],"wp:featuredmedia":[{"embeddable":true,"href":"https:\/\/www.gezginilaclama.com\/index.php?rest_route=\/wp\/v2\/media\/7084"}],"wp:attachment":[{"href":"https:\/\/www.gezginilaclama.com\/index.php?rest_route=%2Fwp%2Fv2%2Fmedia&parent=7080"}],"wp:term":[{"taxonomy":"product_cat","embeddable":true,"href":"https:\/\/www.gezginilaclama.com\/index.php?rest_route=%2Fwp%2Fv2%2Fproduct_cat&post=7080"},{"taxonomy":"product_tag","embeddable":true,"href":"https:\/\/www.gezginilaclama.com\/index.php?rest_route=%2Fwp%2Fv2%2Fproduct_tag&post=7080"}],"curies":[{"name":"wp","href":"https:\/\/api.w.org\/{rel}","templated":true}]}}