{"id":7077,"date":"2023-11-27T19:47:36","date_gmt":"2023-11-27T19:47:36","guid":{"rendered":"http:\/\/www.gezginilaclama.com\/?post_type=product&#038;p=7077"},"modified":"2023-11-27T20:09:30","modified_gmt":"2023-11-27T20:09:30","slug":"fi-0570-p-endustriyel-sinek-tutucu","status":"publish","type":"product","link":"https:\/\/www.gezginilaclama.com\/?product=fi-0570-p-endustriyel-sinek-tutucu","title":{"rendered":"FI 0570-P (End\u00fcstriyel Sinek Tutucu)"},"content":{"rendered":"<p>FI 0570-P (FOR INDUSTRIAL)<\/p>\n<p>T\u00dcRK MALI, SA\u011eLIK BAKANLI\u011eI ONAYLI, CE BELGEL\u0130;<br \/>\nAVRUPA TOPLULU\u011eU AL\u00c7AK GER\u0130L\u0130M C\u0130HAZI Y\u00d6NETMEL\u0130\u011e\u0130NE UYGUN OLARAK \u00dcRET\u0130LM\u0130\u015eT\u0130R.<br \/>\nAISI 304K INOKS (1. KAL\u0130TE PASLANMAZ \u00c7EL\u0130K),20 Wat \/ T12 \/ BL 368 X 2 ADET UV-BL FLORESAN.<br \/>\nDUVAR MODEL\u0130, YAPI\u015eKANLI EFT, S\u0130NEK TUTUCU TUZAK<br \/>\nHER T\u00dcRDE; \u00dcRET\u0130M, DEPO, (VS.) ALANLARDA, KULLANILMASI GEREKEN END\u00dcSTR\u0130YEL MODELD\u0130R<\/p>\n<p>Sinek tutucu yap\u0131\u015fkan tuzak &amp; sinek yap\u0131\u015fkan\u0131 de\u011fi\u015fimi, \u00f6n kapak a\u00e7\u0131lmadan kolayca ger\u00e7ekle\u015fir.<br \/>\nDe\u011fi\u015fim i\u015flemi i\u00e7in: sinek yap\u0131\u015fkan\u0131 koyulan portatif k\u0131zak cihaz alt k\u0131sm\u0131ndan a\u015fa\u011f\u0131 kayd\u0131r\u0131l\u0131r.<br \/>\nSinek yap\u0131\u015fkan\u0131 de\u011fi\u015fim i\u015flemi tamamlanarak; k\u0131zak yukar\u0131 ittirilir ve kolayca yerine oturtulur.<br \/>\nDe\u011fi\u015fim esnas\u0131nda ve sonras\u0131nda yap\u0131\u015fkanl\u0131 sinek tuza\u011f\u0131 veya k\u0131za\u011f\u0131n, sinek cihaz\u0131 lambas\u0131 ile temas etmesi kanallar ile engellenmi\u015ftir.<br \/>\nKullanma \u015fartlar\u0131na uyuldu\u011fu takdirde; Sa\u011fl\u0131k Bakanl\u0131\u011f\u0131 onayl\u0131, toksik madde i\u00e7ermeyen, y\u00fcksek kaliteli, Elektro Frog sinek yap\u0131\u015fkan\u0131 ile temas\u0131 olan sineklerin d\u00fc\u015fme ihtimali kesinlikle yoktur. K\u0131zaklar\u0131n alt k\u0131sm\u0131nda olu\u015fturulan \u00f6zel toplama b\u00f6lmesi ile bu uzak ihtimal de de\u011ferlendirilmi\u015f ve risk tamamen ortadan kald\u0131r\u0131lm\u0131\u015ft\u0131r.<\/p>\n<p>GENEL \u00d6ZELL\u0130KLER<\/p>\n<p>1. s\u0131n\u0131f (304 kalite inox) paslanmaz \u00e7elik kasa, yap\u0131\u015fkanl\u0131 sinek tuza\u011f\u0131.<br \/>\nEstetik, dekoratif<br \/>\nEsnek ve pratik kurulum imk\u00e2n\u0131.<br \/>\nTemizlik ve bak\u0131m\u0131 kolay.<br \/>\nSa\u011fl\u0131kl\u0131 ve kaliteli, UV \u0131\u015f\u0131kl\u0131, sinek tuza\u011f\u0131 lambas\u0131.<br \/>\nSinekleri \u00e7eken sar\u0131 renkli, sinek tutucu yap\u0131\u015fkan tuzak.<br \/>\nYap\u0131\u015fkan tuzak de\u011fi\u015fimi, hareketli k\u0131zak sayesinde pratik ve sorunsuz.<\/p>\n<p>TEKN\u0130K \u00d6ZELL\u0130KLER<\/p>\n<p>Etki alan\u0131: 120 \u2013 160 m\u00b2 (minimum)<br \/>\nVoltaj: 220 -240 Volt AC, 50 Hz<br \/>\nYap\u0131\u015fkan bant: 60 x 30 cm x 1 adet \/ Sinek yap\u0131\u015fkan\u0131<br \/>\nUltraviyole I\u015f\u0131k: 2 x 20 Wat \/ UV-BL Floresan Ampul<br \/>\nBoyutlar: 700 mm x 335 mm x 100 mm<br \/>\nCihaz D\u0131\u015f Kasa: AISI 304K INOX<br \/>\nA\u011f\u0131rl\u0131k: 4,19 Kg<br \/>\nYap\u0131\u015fkanl\u0131 sinek \u00f6ld\u00fcr\u00fcc\u00fc; u\u00e7an ha\u015ferelerle m\u00fccadele de, uygun fiyatlar\u0131 ile etkili \u00e7\u00f6z\u00fcmler sunar.<br \/>\n24 ayl\u0131k garanti standartt\u0131r\u2026. Dikkat: Sinek \u00f6ld\u00fcr\u00fcc\u00fc lamba \u2013 Sinek \u00f6ld\u00fcr\u00fcc\u00fc \u0131\u015f\u0131k, garanti kapsam\u0131nda de\u011fildir. Cihazlar standart UV \u0131\u015f\u0131kl\u0131 lamba ile \u00fcretilmektedir. \u0130ste\u011fe ba\u011fl\u0131 olarak, k\u0131r\u0131ld\u0131\u011f\u0131nda da\u011f\u0131lmaz UV \u0131\u015f\u0131kl\u0131 lamba kullan\u0131l\u0131r. Cihazlar\u0131m\u0131z\u0131n sinek kovucu \u00f6zelli\u011fi yoktur.<br \/>\nI\u015eIKLI S\u0130NEK TUTUCU &amp; YAPI\u015eKANLI BANTLI S\u0130NEKL\u0130K KULLANIM ALANLARI:<\/p>\n<p>Evlerde; odalar ve mutfaklarda,<br \/>\nYazl\u0131klarda; odalar, mutfaklar ve verandalarda,<br \/>\nOtellerde; ofis, lobi, odalar, mutfak, mini bar ve restaurantlarda,<br \/>\n\u0130\u015f yerlerinde; \u0130malat, \u00fcretim, depo, sat\u0131\u015f, ofis, lobi, yemekhane, restaurant ve toplu kullan\u0131m alanlar\u0131nda,<br \/>\nkarasinek ve meyve sine\u011fi, k\u00f6r sinek, \u00fcvez olarakda bilinen k\u00fc\u00e7\u00fck sinekler ba\u015fta olmak \u00fczere, u\u00e7an ha\u015fere m\u00fccadelesinde sinek tutucu cihazlar etkin olarak kullan\u0131l\u0131r.<br \/>\nMaksimum verim i\u00e7in; ortama tesir eden etmenler g\u00f6z \u00f6n\u00fcnde bulundurulmal\u0131. Bu etmenlere g\u00f6re sinek tutucu modeli, konumu ve adeti do\u011fru bir \u015fekilde belirlenmelidir.<\/p>\n","protected":false},"excerpt":{"rendered":"<p><strong>Ultrasonic Fare Ha\u015fere Kovucu<\/strong><\/p>\n<p>ULTRASONIC ATTACK WAVE PESTREPELLER<\/p>\n<p><b>Leaven attack wave fare kovucu cihaz<\/b><\/p>\n<div>Cihaz 30000hz \u2013 65000hz frekans aral\u0131\u011f\u0131nda ultrasonik ses yay\u0131nlar ve devaml\u0131 olarak patentli \u201d attack wave sistemi \u201d ile t\u00fcm kemirgenleri ortamdan uzakla\u015ft\u0131r\u0131r, kovar.<\/div>\n<div>\u00dcr\u00fcn \u00fczerinde her biri 130 desibellik ses veren 2 adet speaker bulunmaktad\u0131r Bu sistemde frekanslar otomatik olarak de\u011fi\u015fir ve maximum etki sa\u011flan\u0131r.<\/div>\n<div>\u00dcr\u00fcn etki alan\u0131 450 metrekaredir.<\/div>\n<div>280 derecelik bir a\u00e7\u0131 ile t\u00fcm odalarda ve evde \u00f6l\u00fc alan b\u0131rakmayacak \u015fekilde dizayn edilmi\u015ftir.<\/div>\n<div>Bu\u00a0da \u00fcr\u00fcn\u00fcn di\u011fer ayn\u0131 etki mesafesi olan \u00fcr\u00fcnlerden \u00e7ok daha etkin bir performans sergilemesini sa\u011flamaktad\u0131r.<\/div>\n<p><b>\u00dcr\u00fcn\u00fcn kovdu\u011fu hayvanlar\u00a0<\/b><\/p>\n<p>Fareler, s\u0131\u00e7anlar, sincaplar ,k\u00f6stebekler ve t\u00fcm kemirgenler<\/p>\n<p><b>Kullan\u0131m\u0131\u00a0<\/b><\/p>\n<p>Cihaz\u0131n kullan\u0131m\u0131 \u00e7ok\u00a0\u00a0basittir. Uygun\u00a0olan stratejik yere yerle\u015ftirdikten sonra cihaz\u0131 adapt\u00f6r\u00fcn\u00fc enerjiye ba\u011flay\u0131n\u0131z ve \u201cON\u201d konumuna\u00a0\u00a0getiriniz. Cihaz\u00a0haz\u0131rd\u0131r ve \u00e7al\u0131\u015fmaya ba\u015flam\u0131\u015ft\u0131r.<\/p>\n<p>24 saat g\u00fcvendesinizdir.<\/p>\n<p><b>Teknik \u00f6zellik\u00a0<\/b><\/p>\n<p>A\u011f\u0131rl\u0131k : 160gr.<\/p>\n<p>Frekans aral\u0131\u011f\u0131 : 30000hz\u00a0 65000hz<\/p>\n","protected":false},"featured_media":7079,"template":"","meta":[],"product_cat":[55],"product_tag":[57,56],"class_list":{"0":"post-7077","1":"product","2":"type-product","3":"status-publish","4":"has-post-thumbnail","6":"product_cat-urunler","7":"product_tag-fare-kovucu","8":"product_tag-hasere-kovucu","10":"first","11":"instock","12":"virtual","13":"product-type-simple"},"_links":{"self":[{"href":"https:\/\/www.gezginilaclama.com\/index.php?rest_route=\/wp\/v2\/product\/7077","targetHints":{"allow":["GET"]}}],"collection":[{"href":"https:\/\/www.gezginilaclama.com\/index.php?rest_route=\/wp\/v2\/product"}],"about":[{"href":"https:\/\/www.gezginilaclama.com\/index.php?rest_route=\/wp\/v2\/types\/product"}],"wp:featuredmedia":[{"embeddable":true,"href":"https:\/\/www.gezginilaclama.com\/index.php?rest_route=\/wp\/v2\/media\/7079"}],"wp:attachment":[{"href":"https:\/\/www.gezginilaclama.com\/index.php?rest_route=%2Fwp%2Fv2%2Fmedia&parent=7077"}],"wp:term":[{"taxonomy":"product_cat","embeddable":true,"href":"https:\/\/www.gezginilaclama.com\/index.php?rest_route=%2Fwp%2Fv2%2Fproduct_cat&post=7077"},{"taxonomy":"product_tag","embeddable":true,"href":"https:\/\/www.gezginilaclama.com\/index.php?rest_route=%2Fwp%2Fv2%2Fproduct_tag&post=7077"}],"curies":[{"name":"wp","href":"https:\/\/api.w.org\/{rel}","templated":true}]}}